{"id":312,"date":"2025-11-15T23:22:39","date_gmt":"2025-11-15T23:22:39","guid":{"rendered":"https:\/\/ansinox.com.br\/portal\/?page_id=312"},"modified":"2025-11-24T13:54:27","modified_gmt":"2025-11-24T13:54:27","slug":"valvulas-globo-gaveta","status":"publish","type":"page","link":"https:\/\/ansinox.com.br\/portal\/valvulas-globo-gaveta\/","title":{"rendered":"V\u00e1lvulas globo, gaveta, entre outras"},"content":{"rendered":"<h2 style=\"text-align: justify;\">V\u00e1lvulas Globo e Gaveta Industriais | Alta Performance e Durabilidade<\/h2>\n<h4 style=\"text-align: justify;\">Resist\u00eancia, Durabilidade e Efici\u00eancia &#8211; <a href=\"https:\/\/wa.me\/551127242730\/?text=Ol%C3%A1%20gostaria%20de%20informa%C3%A7%C3%B5es...\">Fa\u00e7a seu or\u00e7amento na Ansinox<\/a><\/h4>\n<article class=\"text-token-text-primary w-full focus:outline-none [--shadow-height:45px] has-data-writing-block:pointer-events-none has-data-writing-block:-mt-(--shadow-height) has-data-writing-block:pt-(--shadow-height) [&amp;:has([data-writing-block])&gt;*]:pointer-events-auto [content-visibility:auto] supports-[content-visibility:auto]:[contain-intrinsic-size:auto_100lvh] scroll-mt-[calc(var(--header-height)+min(200px,max(70px,20svh)))]\" dir=\"auto\" tabindex=\"-1\" data-turn-id=\"d7ec0b15-fb54-4c4a-a261-57bd019b8f27\" data-testid=\"conversation-turn-2\" data-scroll-anchor=\"true\" data-turn=\"assistant\">\n<div class=\"text-base my-auto mx-auto pb-10 [--thread-content-margin:--spacing(4)] thread-sm:[--thread-content-margin:--spacing(6)] thread-lg:[--thread-content-margin:--spacing(16)] px-(--thread-content-margin)\">\n<div class=\"[--thread-content-max-width:40rem] thread-lg:[--thread-content-max-width:48rem] mx-auto max-w-(--thread-content-max-width) flex-1 group\/turn-messages focus-visible:outline-hidden relative flex w-full min-w-0 flex-col agent-turn\" tabindex=\"-1\">\n<div class=\"flex max-w-full flex-col grow\">\n<div class=\"min-h-8 text-message relative flex w-full flex-col items-end gap-2 text-start break-words whitespace-normal [.text-message+&amp;]:mt-1\" dir=\"auto\" data-message-author-role=\"assistant\" data-message-id=\"460ffede-8cbd-4184-85a1-499f9adb9a9c\" data-message-model-slug=\"gpt-5\">\n<div class=\"flex w-full flex-col gap-1 empty:hidden first:pt-[1px]\">\n<div class=\"markdown prose dark:prose-invert w-full break-words light markdown-new-styling\">\n<p style=\"text-align: justify;\" data-start=\"1282\" data-end=\"1674\">As <strong data-start=\"1285\" data-end=\"1312\">v\u00e1lvulas globo e gaveta<\/strong> fazem parte das principais solu\u00e7\u00f5es industriais para controle e bloqueio de fluidos. A v\u00e1lvula globo destaca-se pela precis\u00e3o na regulagem do fluxo, permitindo ajustes graduais e eficiente controle de press\u00e3o. J\u00e1 a v\u00e1lvula gaveta \u00e9 a escolha ideal para opera\u00e7\u00f5es de abertura e fechamento completo, garantindo veda\u00e7\u00e3o confi\u00e1vel mesmo em sistemas de alta press\u00e3o.<img loading=\"lazy\" decoding=\"async\" class=\"alignright wp-image-194 size-medium\" src=\"https:\/\/ansinox.com.br\/portal\/wp-content\/uploads\/2025\/11\/valvulas-industrias.fw_-300x269.png\" alt=\"valvulas-globo-gaveta\" width=\"300\" height=\"269\" srcset=\"https:\/\/ansinox.com.br\/portal\/wp-content\/uploads\/2025\/11\/valvulas-industrias.fw_-300x269.png 300w, https:\/\/ansinox.com.br\/portal\/wp-content\/uploads\/2025\/11\/valvulas-industrias.fw_-163x146.png 163w, https:\/\/ansinox.com.br\/portal\/wp-content\/uploads\/2025\/11\/valvulas-industrias.fw_-50x45.png 50w, https:\/\/ansinox.com.br\/portal\/wp-content\/uploads\/2025\/11\/valvulas-industrias.fw_-84x75.png 84w, https:\/\/ansinox.com.br\/portal\/wp-content\/uploads\/2025\/11\/valvulas-industrias.fw_-24x22.png 24w, https:\/\/ansinox.com.br\/portal\/wp-content\/uploads\/2025\/11\/valvulas-industrias.fw_-36x32.png 36w, https:\/\/ansinox.com.br\/portal\/wp-content\/uploads\/2025\/11\/valvulas-industrias.fw_-48x43.png 48w, https:\/\/ansinox.com.br\/portal\/wp-content\/uploads\/2025\/11\/valvulas-industrias.fw_.png 437w\" sizes=\"auto, (max-width: 300px) 100vw, 300px\" \/><\/p>\n<p style=\"text-align: justify;\" data-start=\"1676\" data-end=\"2081\">Fabricadas em a\u00e7o carbono, a\u00e7o inox, bronze ou ferro fundido, ambas oferecem excelente desempenho, resist\u00eancia \u00e0 corros\u00e3o e longa vida \u00fatil. S\u00e3o amplamente utilizadas nos setores qu\u00edmico, petroqu\u00edmico, naval, minera\u00e7\u00e3o, saneamento e ind\u00fastrias de processo. Com diferentes padr\u00f5es de conex\u00e3o e diversas classes de press\u00e3o, atendem \u00e0s normas internacionais e proporcionam seguran\u00e7a e efici\u00eancia operacional.<\/p>\n<p style=\"text-align: justify;\" data-start=\"2083\" data-end=\"2229\">Optar por v\u00e1lvulas globo e gaveta de qualidade \u00e9 garantir confiabilidade, estabilidade e menor necessidade de manuten\u00e7\u00e3o nos sistemas industriais.<\/p>\n<\/div>\n<\/div>\n<\/div>\n<\/div>\n<\/div>\n<\/div>\n<\/article>\n<div class=\"pointer-events-none h-px w-px\" aria-hidden=\"true\" data-edge=\"true\">\n<h2 style=\"text-align: justify;\"><span dir=\"auto\" style=\"vertical-align: inherit;\"><span dir=\"auto\" style=\"vertical-align: inherit;\">Linha de V\u00e1lvulas de Globo e Gaveta- Ansinox<\/span><\/span><\/h2>\n<p style=\"text-align: justify;\"><strong>Contamos com uma vasta linha de produtos em estoque, visando a agilidade no fornecimento e a satisfa\u00e7\u00e3o de nossos clientes, <\/strong><a href=\"https:\/\/wa.me\/551127242730\/?text=Ol%C3%A1%20gostaria%20de%20informa%C3%A7%C3%B5es...\" target=\"_blank\" rel=\"noopener\">Fa\u00e7a seu or\u00e7amento na Ansinox!<\/a><\/p>\n<h3 style=\"text-align: justify;\"><span style=\"color: #ff0000;\">Atendemos aos mais diversos seguimentos da industria, tais como:<\/span><\/h3>\n<p style=\"text-align: justify;\">Constru\u00e7\u00e3o Civil, Engenharia Industrial e Engenharia de Montagens, Implementos Agr\u00edcolas e Rodovi\u00e1rios, Ind\u00fastria de Papel e Celulose, Ind\u00fastria Naval (Off Shore), Ind\u00fastria Petrol\u00edfera, Industria Aliment\u00edcia e Industria de Bebidas, Ind\u00fastria Mec\u00e2nica e Metal\u00fargica, Industria Farmac\u00eautica, Ind\u00fastria Qu\u00edmica e Petroqu\u00edmica, Ind\u00fastria Sider\u00fargica e de Minera\u00e7\u00e3o, Setor Automotivo e de Autope\u00e7as, Telecomunica\u00e7\u00f5es, Termoel\u00e9tricas e Hidroel\u00e9tricas, Tratamento de \u00c1gua e Po\u00e7os Artesianos, Usinas de A\u00e7\u00facar e de \u00c1lcool.<\/p>\n<\/div>\n\n\n<div class=\"kk-star-ratings kksr-auto kksr-align-left kksr-valign-bottom\"\n    data-payload='{&quot;align&quot;:&quot;left&quot;,&quot;id&quot;:&quot;312&quot;,&quot;slug&quot;:&quot;default&quot;,&quot;valign&quot;:&quot;bottom&quot;,&quot;ignore&quot;:&quot;&quot;,&quot;reference&quot;:&quot;auto&quot;,&quot;class&quot;:&quot;&quot;,&quot;count&quot;:&quot;11&quot;,&quot;legendonly&quot;:&quot;&quot;,&quot;readonly&quot;:&quot;&quot;,&quot;score&quot;:&quot;5&quot;,&quot;starsonly&quot;:&quot;&quot;,&quot;best&quot;:&quot;5&quot;,&quot;gap&quot;:&quot;4&quot;,&quot;greet&quot;:&quot;Rate this page&quot;,&quot;legend&quot;:&quot;5\\\/5 - (11 votos)&quot;,&quot;size&quot;:&quot;24&quot;,&quot;title&quot;:&quot;V\u00e1lvulas globo, gaveta, entre outras&quot;,&quot;width&quot;:&quot;138&quot;,&quot;_legend&quot;:&quot;{score}\\\/{best} - ({count} {votes})&quot;,&quot;font_factor&quot;:&quot;1.25&quot;}'>\n            \n<div class=\"kksr-stars\">\n    \n<div class=\"kksr-stars-inactive\">\n            <div class=\"kksr-star\" data-star=\"1\" style=\"padding-right: 4px\">\n            \n\n<div class=\"kksr-icon\" style=\"width: 24px; height: 24px;\"><\/div>\n        <\/div>\n            <div class=\"kksr-star\" data-star=\"2\" style=\"padding-right: 4px\">\n            \n\n<div class=\"kksr-icon\" style=\"width: 24px; height: 24px;\"><\/div>\n        <\/div>\n            <div class=\"kksr-star\" data-star=\"3\" style=\"padding-right: 4px\">\n            \n\n<div class=\"kksr-icon\" style=\"width: 24px; height: 24px;\"><\/div>\n        <\/div>\n            <div class=\"kksr-star\" data-star=\"4\" style=\"padding-right: 4px\">\n            \n\n<div class=\"kksr-icon\" style=\"width: 24px; height: 24px;\"><\/div>\n        <\/div>\n            <div class=\"kksr-star\" data-star=\"5\" style=\"padding-right: 4px\">\n            \n\n<div class=\"kksr-icon\" style=\"width: 24px; height: 24px;\"><\/div>\n        <\/div>\n    <\/div>\n    \n<div class=\"kksr-stars-active\" style=\"width: 138px;\">\n            <div class=\"kksr-star\" style=\"padding-right: 4px\">\n            \n\n<div class=\"kksr-icon\" style=\"width: 24px; height: 24px;\"><\/div>\n        <\/div>\n            <div class=\"kksr-star\" style=\"padding-right: 4px\">\n            \n\n<div class=\"kksr-icon\" style=\"width: 24px; height: 24px;\"><\/div>\n        <\/div>\n            <div class=\"kksr-star\" style=\"padding-right: 4px\">\n            \n\n<div class=\"kksr-icon\" style=\"width: 24px; height: 24px;\"><\/div>\n        <\/div>\n            <div class=\"kksr-star\" style=\"padding-right: 4px\">\n            \n\n<div class=\"kksr-icon\" style=\"width: 24px; height: 24px;\"><\/div>\n        <\/div>\n            <div class=\"kksr-star\" style=\"padding-right: 4px\">\n            \n\n<div class=\"kksr-icon\" style=\"width: 24px; height: 24px;\"><\/div>\n        <\/div>\n    <\/div>\n<\/div>\n                \n\n<div class=\"kksr-legend\" style=\"font-size: 19.2px;\">\n            5\/5 - (11 votos)    <\/div>\n    <\/div>\n","protected":false},"excerpt":{"rendered":"<p>V\u00e1lvulas Globo e Gaveta Industriais | Alta Performance e Durabilidade Resist\u00eancia, Durabilidade e Efici\u00eancia &#8211; Fa\u00e7a seu or\u00e7amento na Ansinox As v\u00e1lvulas globo e gaveta fazem<span class=\"excerpt-hellip\"> [\u2026]<\/span><\/p>\n","protected":false},"author":1,"featured_media":0,"parent":0,"menu_order":0,"comment_status":"closed","ping_status":"closed","template":"","meta":{"footnotes":""},"class_list":["post-312","page","type-page","status-publish","hentry"],"yoast_head":"<!-- This site is optimized with the Yoast SEO Premium plugin v25.7 (Yoast SEO v27.5) - https:\/\/yoast.com\/product\/yoast-seo-premium-wordpress\/ -->\n<title>V\u00e1lvulas globo, gaveta, entre outras - Ansinox<\/title>\n<meta name=\"description\" content=\"V\u00e1lvulas Globo e Gaveta industriais com alta resist\u00eancia, veda\u00e7\u00e3o eficiente e desempenho superior. Solicite seu or\u00e7amento (11) 2724-2730\" \/>\n<meta name=\"robots\" content=\"index, follow, max-snippet:-1, max-image-preview:large, max-video-preview:-1\" \/>\n<link rel=\"canonical\" href=\"https:\/\/ansinox.com.br\/portal\/valvulas-globo-gaveta\/\" \/>\n<meta property=\"og:locale\" content=\"pt_BR\" \/>\n<meta property=\"og:type\" content=\"article\" \/>\n<meta property=\"og:title\" content=\"V\u00e1lvulas globo, gaveta, entre outras\" \/>\n<meta property=\"og:description\" content=\"V\u00e1lvulas Globo e Gaveta industriais com alta resist\u00eancia, veda\u00e7\u00e3o eficiente e desempenho superior. Solicite seu or\u00e7amento (11) 2724-2730\" \/>\n<meta property=\"og:url\" content=\"https:\/\/ansinox.com.br\/portal\/valvulas-globo-gaveta\/\" \/>\n<meta property=\"og:site_name\" content=\"Ansinox\" \/>\n<meta property=\"article:modified_time\" content=\"2025-11-24T13:54:27+00:00\" \/>\n<meta property=\"og:image\" content=\"https:\/\/ansinox.com.br\/portal\/wp-content\/uploads\/2025\/11\/valvulas-industrias.fw_-300x269.png\" \/>\n<meta name=\"twitter:card\" content=\"summary_large_image\" \/>\n<meta name=\"twitter:label1\" content=\"Est. tempo de leitura\" \/>\n\t<meta name=\"twitter:data1\" content=\"2 minutos\" \/>\n<script type=\"application\/ld+json\" class=\"yoast-schema-graph\">{\"@context\":\"https:\\\/\\\/schema.org\",\"@graph\":[{\"@type\":\"WebPage\",\"@id\":\"https:\\\/\\\/ansinox.com.br\\\/portal\\\/valvulas-globo-gaveta\\\/\",\"url\":\"https:\\\/\\\/ansinox.com.br\\\/portal\\\/valvulas-globo-gaveta\\\/\",\"name\":\"V\u00e1lvulas globo, gaveta, entre outras - Ansinox\",\"isPartOf\":{\"@id\":\"https:\\\/\\\/ansinox.com.br\\\/portal\\\/#website\"},\"primaryImageOfPage\":{\"@id\":\"https:\\\/\\\/ansinox.com.br\\\/portal\\\/valvulas-globo-gaveta\\\/#primaryimage\"},\"image\":{\"@id\":\"https:\\\/\\\/ansinox.com.br\\\/portal\\\/valvulas-globo-gaveta\\\/#primaryimage\"},\"thumbnailUrl\":\"https:\\\/\\\/ansinox.com.br\\\/portal\\\/wp-content\\\/uploads\\\/2025\\\/11\\\/valvulas-industrias.fw_-300x269.png\",\"datePublished\":\"2025-11-15T23:22:39+00:00\",\"dateModified\":\"2025-11-24T13:54:27+00:00\",\"description\":\"V\u00e1lvulas Globo e Gaveta industriais com alta resist\u00eancia, veda\u00e7\u00e3o eficiente e desempenho superior. Solicite seu or\u00e7amento (11) 2724-2730\",\"breadcrumb\":{\"@id\":\"https:\\\/\\\/ansinox.com.br\\\/portal\\\/valvulas-globo-gaveta\\\/#breadcrumb\"},\"inLanguage\":\"pt-BR\",\"potentialAction\":[{\"@type\":\"ReadAction\",\"target\":[\"https:\\\/\\\/ansinox.com.br\\\/portal\\\/valvulas-globo-gaveta\\\/\"]}]},{\"@type\":\"ImageObject\",\"inLanguage\":\"pt-BR\",\"@id\":\"https:\\\/\\\/ansinox.com.br\\\/portal\\\/valvulas-globo-gaveta\\\/#primaryimage\",\"url\":\"https:\\\/\\\/ansinox.com.br\\\/portal\\\/wp-content\\\/uploads\\\/2025\\\/11\\\/valvulas-industrias.fw_.png\",\"contentUrl\":\"https:\\\/\\\/ansinox.com.br\\\/portal\\\/wp-content\\\/uploads\\\/2025\\\/11\\\/valvulas-industrias.fw_.png\",\"width\":437,\"height\":392},{\"@type\":\"BreadcrumbList\",\"@id\":\"https:\\\/\\\/ansinox.com.br\\\/portal\\\/valvulas-globo-gaveta\\\/#breadcrumb\",\"itemListElement\":[{\"@type\":\"ListItem\",\"position\":1,\"name\":\"In\u00edcio\",\"item\":\"https:\\\/\\\/ansinox.com.br\\\/portal\\\/\"},{\"@type\":\"ListItem\",\"position\":2,\"name\":\"V\u00e1lvulas globo, gaveta, entre outras\"}]},{\"@type\":\"WebSite\",\"@id\":\"https:\\\/\\\/ansinox.com.br\\\/portal\\\/#website\",\"url\":\"https:\\\/\\\/ansinox.com.br\\\/portal\\\/\",\"name\":\"Ansinox\",\"description\":\"Acess\u00f3rios Industriais - Tubos de A\u00e7o Inox e Carbono - Flanges - V\u00e1lvulas Industriais\",\"publisher\":{\"@id\":\"https:\\\/\\\/ansinox.com.br\\\/portal\\\/#organization\"},\"potentialAction\":[{\"@type\":\"SearchAction\",\"target\":{\"@type\":\"EntryPoint\",\"urlTemplate\":\"https:\\\/\\\/ansinox.com.br\\\/portal\\\/?s={search_term_string}\"},\"query-input\":{\"@type\":\"PropertyValueSpecification\",\"valueRequired\":true,\"valueName\":\"search_term_string\"}}],\"inLanguage\":\"pt-BR\"},{\"@type\":\"Organization\",\"@id\":\"https:\\\/\\\/ansinox.com.br\\\/portal\\\/#organization\",\"name\":\"Ansinox\",\"alternateName\":\"Ansinox Tubos e Conex\u00f5es\",\"url\":\"https:\\\/\\\/ansinox.com.br\\\/portal\\\/\",\"logo\":{\"@type\":\"ImageObject\",\"inLanguage\":\"pt-BR\",\"@id\":\"https:\\\/\\\/ansinox.com.br\\\/portal\\\/#\\\/schema\\\/logo\\\/image\\\/\",\"url\":\"https:\\\/\\\/ansinox.com.br\\\/portal\\\/wp-content\\\/uploads\\\/2025\\\/11\\\/logo_transp.fw_.png\",\"contentUrl\":\"https:\\\/\\\/ansinox.com.br\\\/portal\\\/wp-content\\\/uploads\\\/2025\\\/11\\\/logo_transp.fw_.png\",\"width\":211,\"height\":114,\"caption\":\"Ansinox\"},\"image\":{\"@id\":\"https:\\\/\\\/ansinox.com.br\\\/portal\\\/#\\\/schema\\\/logo\\\/image\\\/\"}}]}<\/script>\n<!-- \/ Yoast SEO Premium plugin. -->","yoast_head_json":{"title":"V\u00e1lvulas globo, gaveta, entre outras - Ansinox","description":"V\u00e1lvulas Globo e Gaveta industriais com alta resist\u00eancia, veda\u00e7\u00e3o eficiente e desempenho superior. Solicite seu or\u00e7amento (11) 2724-2730","robots":{"index":"index","follow":"follow","max-snippet":"max-snippet:-1","max-image-preview":"max-image-preview:large","max-video-preview":"max-video-preview:-1"},"canonical":"https:\/\/ansinox.com.br\/portal\/valvulas-globo-gaveta\/","og_locale":"pt_BR","og_type":"article","og_title":"V\u00e1lvulas globo, gaveta, entre outras","og_description":"V\u00e1lvulas Globo e Gaveta industriais com alta resist\u00eancia, veda\u00e7\u00e3o eficiente e desempenho superior. Solicite seu or\u00e7amento (11) 2724-2730","og_url":"https:\/\/ansinox.com.br\/portal\/valvulas-globo-gaveta\/","og_site_name":"Ansinox","article_modified_time":"2025-11-24T13:54:27+00:00","og_image":[{"url":"https:\/\/ansinox.com.br\/portal\/wp-content\/uploads\/2025\/11\/valvulas-industrias.fw_-300x269.png","type":"","width":"","height":""}],"twitter_card":"summary_large_image","twitter_misc":{"Est. tempo de leitura":"2 minutos"},"schema":{"@context":"https:\/\/schema.org","@graph":[{"@type":"WebPage","@id":"https:\/\/ansinox.com.br\/portal\/valvulas-globo-gaveta\/","url":"https:\/\/ansinox.com.br\/portal\/valvulas-globo-gaveta\/","name":"V\u00e1lvulas globo, gaveta, entre outras - Ansinox","isPartOf":{"@id":"https:\/\/ansinox.com.br\/portal\/#website"},"primaryImageOfPage":{"@id":"https:\/\/ansinox.com.br\/portal\/valvulas-globo-gaveta\/#primaryimage"},"image":{"@id":"https:\/\/ansinox.com.br\/portal\/valvulas-globo-gaveta\/#primaryimage"},"thumbnailUrl":"https:\/\/ansinox.com.br\/portal\/wp-content\/uploads\/2025\/11\/valvulas-industrias.fw_-300x269.png","datePublished":"2025-11-15T23:22:39+00:00","dateModified":"2025-11-24T13:54:27+00:00","description":"V\u00e1lvulas Globo e Gaveta industriais com alta resist\u00eancia, veda\u00e7\u00e3o eficiente e desempenho superior. Solicite seu or\u00e7amento (11) 2724-2730","breadcrumb":{"@id":"https:\/\/ansinox.com.br\/portal\/valvulas-globo-gaveta\/#breadcrumb"},"inLanguage":"pt-BR","potentialAction":[{"@type":"ReadAction","target":["https:\/\/ansinox.com.br\/portal\/valvulas-globo-gaveta\/"]}]},{"@type":"ImageObject","inLanguage":"pt-BR","@id":"https:\/\/ansinox.com.br\/portal\/valvulas-globo-gaveta\/#primaryimage","url":"https:\/\/ansinox.com.br\/portal\/wp-content\/uploads\/2025\/11\/valvulas-industrias.fw_.png","contentUrl":"https:\/\/ansinox.com.br\/portal\/wp-content\/uploads\/2025\/11\/valvulas-industrias.fw_.png","width":437,"height":392},{"@type":"BreadcrumbList","@id":"https:\/\/ansinox.com.br\/portal\/valvulas-globo-gaveta\/#breadcrumb","itemListElement":[{"@type":"ListItem","position":1,"name":"In\u00edcio","item":"https:\/\/ansinox.com.br\/portal\/"},{"@type":"ListItem","position":2,"name":"V\u00e1lvulas globo, gaveta, entre outras"}]},{"@type":"WebSite","@id":"https:\/\/ansinox.com.br\/portal\/#website","url":"https:\/\/ansinox.com.br\/portal\/","name":"Ansinox","description":"Acess\u00f3rios Industriais - Tubos de A\u00e7o Inox e Carbono - Flanges - V\u00e1lvulas Industriais","publisher":{"@id":"https:\/\/ansinox.com.br\/portal\/#organization"},"potentialAction":[{"@type":"SearchAction","target":{"@type":"EntryPoint","urlTemplate":"https:\/\/ansinox.com.br\/portal\/?s={search_term_string}"},"query-input":{"@type":"PropertyValueSpecification","valueRequired":true,"valueName":"search_term_string"}}],"inLanguage":"pt-BR"},{"@type":"Organization","@id":"https:\/\/ansinox.com.br\/portal\/#organization","name":"Ansinox","alternateName":"Ansinox Tubos e Conex\u00f5es","url":"https:\/\/ansinox.com.br\/portal\/","logo":{"@type":"ImageObject","inLanguage":"pt-BR","@id":"https:\/\/ansinox.com.br\/portal\/#\/schema\/logo\/image\/","url":"https:\/\/ansinox.com.br\/portal\/wp-content\/uploads\/2025\/11\/logo_transp.fw_.png","contentUrl":"https:\/\/ansinox.com.br\/portal\/wp-content\/uploads\/2025\/11\/logo_transp.fw_.png","width":211,"height":114,"caption":"Ansinox"},"image":{"@id":"https:\/\/ansinox.com.br\/portal\/#\/schema\/logo\/image\/"}}]}},"_links":{"self":[{"href":"https:\/\/ansinox.com.br\/portal\/wp-json\/wp\/v2\/pages\/312","targetHints":{"allow":["GET"]}}],"collection":[{"href":"https:\/\/ansinox.com.br\/portal\/wp-json\/wp\/v2\/pages"}],"about":[{"href":"https:\/\/ansinox.com.br\/portal\/wp-json\/wp\/v2\/types\/page"}],"author":[{"embeddable":true,"href":"https:\/\/ansinox.com.br\/portal\/wp-json\/wp\/v2\/users\/1"}],"replies":[{"embeddable":true,"href":"https:\/\/ansinox.com.br\/portal\/wp-json\/wp\/v2\/comments?post=312"}],"version-history":[{"count":7,"href":"https:\/\/ansinox.com.br\/portal\/wp-json\/wp\/v2\/pages\/312\/revisions"}],"predecessor-version":[{"id":326,"href":"https:\/\/ansinox.com.br\/portal\/wp-json\/wp\/v2\/pages\/312\/revisions\/326"}],"wp:attachment":[{"href":"https:\/\/ansinox.com.br\/portal\/wp-json\/wp\/v2\/media?parent=312"}],"curies":[{"name":"wp","href":"https:\/\/api.w.org\/{rel}","templated":true}]}}