{"id":9,"date":"2017-11-28T12:39:52","date_gmt":"2017-11-28T12:39:52","guid":{"rendered":"http:\/\/themes.muffingroup.com\/be\/employment\/?page_id=9"},"modified":"2025-11-05T22:53:36","modified_gmt":"2025-11-05T22:53:36","slug":"linha-de-valvulas-bronze","status":"publish","type":"page","link":"https:\/\/ansinox.com.br\/portal\/linha-de-valvulas-bronze\/","title":{"rendered":"Linha de V\u00e1lvulas Bronze"},"content":{"rendered":"<h2 style=\"text-align: justify;\">Linha de V\u00e1lvulas de Bronze<\/h2>\n<h4>Resist\u00eancia, Durabilidade e Efici\u00eancia &#8211; <a href=\"https:\/\/wa.me\/551127242730\/?text=Ol%C3%A1%20gostaria%20de%20informa%C3%A7%C3%B5es...\">Fa\u00e7a seu or\u00e7amento na Ansinox<\/a><\/h4>\n<p style=\"text-align: justify;\">A linha de v\u00e1lvulas de bronze \u00e9 amplamente utilizada em sistemas hidr\u00e1ulicos, industriais e mar\u00edtimos, oferecendo excelente resist\u00eancia \u00e0 corros\u00e3o e durabilidade em condi\u00e7\u00f5es adversas. Produzidas com ligas de alta qualidade, as v\u00e1lvulas de bronze garantem veda\u00e7\u00e3o precisa e longa vida \u00fatil, sendo ideais para controle de fluxo de l\u00edquidos e gases.<\/p>\n<h3 style=\"text-align: justify;\">Entre os principais modelos dispon\u00edveis <a href=\"https:\/\/ansinox.com.br\/portal\/linha-de-valvulas-bronze\/\">est\u00e3o:<\/a><\/h3>\n<p style=\"text-align: justify;\"><strong>Esfera em Bronze<\/strong> \u2013 Ideal para sistemas de \u00e1gua, \u00f3leo e g\u00e1s, com acionamento r\u00e1pido e seguro.<\/p>\n<p style=\"text-align: justify;\"><strong>Gaveta em Bronze<\/strong> \u2013 Indicada para linhas de grande vaz\u00e3o, permitindo fluxo livre quando totalmente aberta.<\/p>\n<p style=\"text-align: justify;\"><strong>Globo em Bronze<\/strong> \u2013 Perfeita para controle de press\u00e3o e regulagem de passagem.<img loading=\"lazy\" decoding=\"async\" class=\"alignright wp-image-193 size-medium\" src=\"https:\/\/ansinox.com.br\/portal\/wp-content\/uploads\/2025\/11\/valvula-bronze.fw_-300x269.png\" alt=\"Linha de V\u00e1lvulas de Bronze\" width=\"300\" height=\"269\" srcset=\"https:\/\/ansinox.com.br\/portal\/wp-content\/uploads\/2025\/11\/valvula-bronze.fw_-300x269.png 300w, https:\/\/ansinox.com.br\/portal\/wp-content\/uploads\/2025\/11\/valvula-bronze.fw_-163x146.png 163w, https:\/\/ansinox.com.br\/portal\/wp-content\/uploads\/2025\/11\/valvula-bronze.fw_-50x45.png 50w, https:\/\/ansinox.com.br\/portal\/wp-content\/uploads\/2025\/11\/valvula-bronze.fw_-84x75.png 84w, https:\/\/ansinox.com.br\/portal\/wp-content\/uploads\/2025\/11\/valvula-bronze.fw_-24x22.png 24w, https:\/\/ansinox.com.br\/portal\/wp-content\/uploads\/2025\/11\/valvula-bronze.fw_-36x32.png 36w, https:\/\/ansinox.com.br\/portal\/wp-content\/uploads\/2025\/11\/valvula-bronze.fw_-48x43.png 48w, https:\/\/ansinox.com.br\/portal\/wp-content\/uploads\/2025\/11\/valvula-bronze.fw_.png 437w\" sizes=\"auto, (max-width: 300px) 100vw, 300px\" \/><\/p>\n<p style=\"text-align: justify;\"><strong>Reten\u00e7\u00e3o em Bronze<\/strong> \u2013 Evita o refluxo de fluidos, protegendo bombas e equipamentos.<\/p>\n<p style=\"text-align: justify;\"><strong>V\u00e1lvula de P\u00e9 em Bronze<\/strong> \u2013 Utilizada em sistemas de suc\u00e7\u00e3o, garantindo efici\u00eancia no bombeamento.<\/p>\n<p style=\"text-align: justify;\">Com acabamento refinado e excelente desempenho, as v\u00e1lvulas de bronze se destacam pela combina\u00e7\u00e3o entre resist\u00eancia mec\u00e2nica, condutividade t\u00e9rmica e confiabilidade. S\u00e3o a escolha ideal para quem busca qualidade e seguran\u00e7a em instala\u00e7\u00f5es industriais, navais e <a href=\"https:\/\/nossaenergia.petrobras.com.br\/\" target=\"_blank\" rel=\"noopener\">prediais.<\/a><\/p>\n<article class=\"text-token-text-primary w-full focus:outline-none [--shadow-height:45px] has-data-writing-block:pointer-events-none has-data-writing-block:-mt-(--shadow-height) has-data-writing-block:pt-(--shadow-height) [&amp;:has([data-writing-block])&gt;*]:pointer-events-auto [content-visibility:auto] supports-[content-visibility:auto]:[contain-intrinsic-size:auto_100lvh] scroll-mt-[calc(var(--header-height)+min(200px,max(70px,20svh)))]\" dir=\"auto\" tabindex=\"-1\" data-turn-id=\"d7ec0b15-fb54-4c4a-a261-57bd019b8f27\" data-testid=\"conversation-turn-2\" data-scroll-anchor=\"true\" data-turn=\"assistant\">\n<div class=\"text-base my-auto mx-auto pb-10 [--thread-content-margin:--spacing(4)] thread-sm:[--thread-content-margin:--spacing(6)] thread-lg:[--thread-content-margin:--spacing(16)] px-(--thread-content-margin)\">\n<div class=\"[--thread-content-max-width:40rem] thread-lg:[--thread-content-max-width:48rem] mx-auto max-w-(--thread-content-max-width) flex-1 group\/turn-messages focus-visible:outline-hidden relative flex w-full min-w-0 flex-col agent-turn\" tabindex=\"-1\">\n<div class=\"flex max-w-full flex-col grow\">\n<div class=\"min-h-8 text-message relative flex w-full flex-col items-end gap-2 text-start break-words whitespace-normal [.text-message+&amp;]:mt-1\" dir=\"auto\" data-message-author-role=\"assistant\" data-message-id=\"460ffede-8cbd-4184-85a1-499f9adb9a9c\" data-message-model-slug=\"gpt-5\">\n<div class=\"flex w-full flex-col gap-1 empty:hidden first:pt-[1px]\">\n<div class=\"markdown prose dark:prose-invert w-full break-words light markdown-new-styling\">\n<p data-start=\"0\" data-end=\"265\" data-is-last-node=\"\" data-is-only-node=\"\">\n<\/div>\n<\/div>\n<\/div>\n<\/div>\n<\/div>\n<\/div>\n<\/article>\n<div class=\"pointer-events-none h-px w-px\" aria-hidden=\"true\" data-edge=\"true\">\n<h2><span dir=\"auto\" style=\"vertical-align: inherit;\"><span dir=\"auto\" style=\"vertical-align: inherit;\">Linha de V\u00e1lvulas de Bronze &#8211; Ansinox<\/span><\/span><\/h2>\n<p><strong>Contamos com uma vasta linha de produtos em estoque, visando a agilidade no fornecimento e a satisfa\u00e7\u00e3o de nossos clientes, <\/strong><a href=\"https:\/\/wa.me\/551127242730\/?text=Ol%C3%A1%20gostaria%20de%20informa%C3%A7%C3%B5es...\" target=\"_blank\" rel=\"noopener\">Fa\u00e7a seu or\u00e7amento na Ansinox!<\/a><\/p>\n<h3><span style=\"color: #ff0000;\">Atendemos aos mais diversos seguimentos da industria, tais como:<\/span><\/h3>\n<p>Constru\u00e7\u00e3o Civil, Engenharia Industrial e Engenharia de Montagens, Implementos Agr\u00edcolas e Rodovi\u00e1rios, Ind\u00fastria de Papel e Celulose, Ind\u00fastria Naval (Off Shore), Ind\u00fastria Petrol\u00edfera, Industria Aliment\u00edcia e Industria de Bebidas, Ind\u00fastria Mec\u00e2nica e Metal\u00fargica, Industria Farmac\u00eautica, Ind\u00fastria Qu\u00edmica e Petroqu\u00edmica, Ind\u00fastria Sider\u00fargica e de Minera\u00e7\u00e3o, Setor Automotivo e de Autope\u00e7as, Telecomunica\u00e7\u00f5es, Termoel\u00e9tricas e Hidroel\u00e9tricas, Tratamento de \u00c1gua e Po\u00e7os Artesianos, Usinas de A\u00e7\u00facar e de \u00c1lcool.<\/p>\n<\/div>\n\n\n<div class=\"kk-star-ratings kksr-auto kksr-align-left kksr-valign-bottom\"\n    data-payload='{&quot;align&quot;:&quot;left&quot;,&quot;id&quot;:&quot;9&quot;,&quot;slug&quot;:&quot;default&quot;,&quot;valign&quot;:&quot;bottom&quot;,&quot;ignore&quot;:&quot;&quot;,&quot;reference&quot;:&quot;auto&quot;,&quot;class&quot;:&quot;&quot;,&quot;count&quot;:&quot;8&quot;,&quot;legendonly&quot;:&quot;&quot;,&quot;readonly&quot;:&quot;&quot;,&quot;score&quot;:&quot;5&quot;,&quot;starsonly&quot;:&quot;&quot;,&quot;best&quot;:&quot;5&quot;,&quot;gap&quot;:&quot;4&quot;,&quot;greet&quot;:&quot;Rate this page&quot;,&quot;legend&quot;:&quot;5\\\/5 - (8 votos)&quot;,&quot;size&quot;:&quot;24&quot;,&quot;title&quot;:&quot;Linha de V\u00e1lvulas Bronze&quot;,&quot;width&quot;:&quot;138&quot;,&quot;_legend&quot;:&quot;{score}\\\/{best} - ({count} {votes})&quot;,&quot;font_factor&quot;:&quot;1.25&quot;}'>\n            \n<div class=\"kksr-stars\">\n    \n<div class=\"kksr-stars-inactive\">\n            <div class=\"kksr-star\" data-star=\"1\" style=\"padding-right: 4px\">\n            \n\n<div class=\"kksr-icon\" style=\"width: 24px; height: 24px;\"><\/div>\n        <\/div>\n            <div class=\"kksr-star\" data-star=\"2\" style=\"padding-right: 4px\">\n            \n\n<div class=\"kksr-icon\" style=\"width: 24px; height: 24px;\"><\/div>\n        <\/div>\n            <div class=\"kksr-star\" data-star=\"3\" style=\"padding-right: 4px\">\n            \n\n<div class=\"kksr-icon\" style=\"width: 24px; height: 24px;\"><\/div>\n        <\/div>\n            <div class=\"kksr-star\" data-star=\"4\" style=\"padding-right: 4px\">\n            \n\n<div class=\"kksr-icon\" style=\"width: 24px; height: 24px;\"><\/div>\n        <\/div>\n            <div class=\"kksr-star\" data-star=\"5\" style=\"padding-right: 4px\">\n            \n\n<div class=\"kksr-icon\" style=\"width: 24px; height: 24px;\"><\/div>\n        <\/div>\n    <\/div>\n    \n<div class=\"kksr-stars-active\" style=\"width: 138px;\">\n            <div class=\"kksr-star\" style=\"padding-right: 4px\">\n            \n\n<div class=\"kksr-icon\" style=\"width: 24px; height: 24px;\"><\/div>\n        <\/div>\n            <div class=\"kksr-star\" style=\"padding-right: 4px\">\n            \n\n<div class=\"kksr-icon\" style=\"width: 24px; height: 24px;\"><\/div>\n        <\/div>\n            <div class=\"kksr-star\" style=\"padding-right: 4px\">\n            \n\n<div class=\"kksr-icon\" style=\"width: 24px; height: 24px;\"><\/div>\n        <\/div>\n            <div class=\"kksr-star\" style=\"padding-right: 4px\">\n            \n\n<div class=\"kksr-icon\" style=\"width: 24px; height: 24px;\"><\/div>\n        <\/div>\n            <div class=\"kksr-star\" style=\"padding-right: 4px\">\n            \n\n<div class=\"kksr-icon\" style=\"width: 24px; height: 24px;\"><\/div>\n        <\/div>\n    <\/div>\n<\/div>\n                \n\n<div class=\"kksr-legend\" style=\"font-size: 19.2px;\">\n            5\/5 - (8 votos)    <\/div>\n    <\/div>\n","protected":false},"excerpt":{"rendered":"<p>Linha de V\u00e1lvulas de Bronze Resist\u00eancia, Durabilidade e Efici\u00eancia &#8211; Fa\u00e7a seu or\u00e7amento na Ansinox A linha de v\u00e1lvulas de bronze \u00e9 amplamente utilizada em sistemas<span class=\"excerpt-hellip\"> [\u2026]<\/span><\/p>\n","protected":false},"author":1,"featured_media":0,"parent":0,"menu_order":0,"comment_status":"closed","ping_status":"closed","template":"","meta":{"footnotes":""},"class_list":["post-9","page","type-page","status-publish","hentry"],"yoast_head":"<!-- This site is optimized with the Yoast SEO Premium plugin v25.7 (Yoast SEO v27.5) - https:\/\/yoast.com\/product\/yoast-seo-premium-wordpress\/ -->\n<title>Linha de V\u00e1lvulas Bronze - Ansinox<\/title>\n<meta name=\"description\" content=\"Linha completa de V\u00e1lvulas de Bronze, Alta resist\u00eancia \u00e0 corros\u00e3o, veda\u00e7\u00e3o eficiente e durabilidade Solicite or\u00e7amento! (11) 2724-2730\" \/>\n<meta name=\"robots\" content=\"index, follow, max-snippet:-1, max-image-preview:large, max-video-preview:-1\" \/>\n<link rel=\"canonical\" href=\"https:\/\/ansinox.com.br\/portal\/linha-de-valvulas-bronze\/\" \/>\n<meta property=\"og:locale\" content=\"pt_BR\" \/>\n<meta property=\"og:type\" content=\"article\" \/>\n<meta property=\"og:title\" content=\"Linha de V\u00e1lvulas Bronze\" \/>\n<meta property=\"og:description\" content=\"Linha completa de V\u00e1lvulas de Bronze, Alta resist\u00eancia \u00e0 corros\u00e3o, veda\u00e7\u00e3o eficiente e durabilidade Solicite or\u00e7amento! (11) 2724-2730\" \/>\n<meta property=\"og:url\" content=\"https:\/\/ansinox.com.br\/portal\/linha-de-valvulas-bronze\/\" \/>\n<meta property=\"og:site_name\" content=\"Ansinox\" \/>\n<meta property=\"article:modified_time\" content=\"2025-11-05T22:53:36+00:00\" \/>\n<meta property=\"og:image\" content=\"https:\/\/ansinox.com.br\/portal\/wp-content\/uploads\/2025\/11\/valvula-bronze.fw_-300x269.png\" \/>\n<meta name=\"twitter:card\" content=\"summary_large_image\" \/>\n<meta name=\"twitter:label1\" content=\"Est. tempo de leitura\" \/>\n\t<meta name=\"twitter:data1\" content=\"2 minutos\" \/>\n<script type=\"application\/ld+json\" class=\"yoast-schema-graph\">{\"@context\":\"https:\\\/\\\/schema.org\",\"@graph\":[{\"@type\":\"WebPage\",\"@id\":\"https:\\\/\\\/ansinox.com.br\\\/portal\\\/linha-de-valvulas-bronze\\\/\",\"url\":\"https:\\\/\\\/ansinox.com.br\\\/portal\\\/linha-de-valvulas-bronze\\\/\",\"name\":\"Linha de V\u00e1lvulas Bronze - Ansinox\",\"isPartOf\":{\"@id\":\"https:\\\/\\\/ansinox.com.br\\\/portal\\\/#website\"},\"primaryImageOfPage\":{\"@id\":\"https:\\\/\\\/ansinox.com.br\\\/portal\\\/linha-de-valvulas-bronze\\\/#primaryimage\"},\"image\":{\"@id\":\"https:\\\/\\\/ansinox.com.br\\\/portal\\\/linha-de-valvulas-bronze\\\/#primaryimage\"},\"thumbnailUrl\":\"https:\\\/\\\/ansinox.com.br\\\/portal\\\/wp-content\\\/uploads\\\/2025\\\/11\\\/valvula-bronze.fw_-300x269.png\",\"datePublished\":\"2017-11-28T12:39:52+00:00\",\"dateModified\":\"2025-11-05T22:53:36+00:00\",\"description\":\"Linha completa de V\u00e1lvulas de Bronze, Alta resist\u00eancia \u00e0 corros\u00e3o, veda\u00e7\u00e3o eficiente e durabilidade Solicite or\u00e7amento! (11) 2724-2730\",\"breadcrumb\":{\"@id\":\"https:\\\/\\\/ansinox.com.br\\\/portal\\\/linha-de-valvulas-bronze\\\/#breadcrumb\"},\"inLanguage\":\"pt-BR\",\"potentialAction\":[{\"@type\":\"ReadAction\",\"target\":[\"https:\\\/\\\/ansinox.com.br\\\/portal\\\/linha-de-valvulas-bronze\\\/\"]}]},{\"@type\":\"ImageObject\",\"inLanguage\":\"pt-BR\",\"@id\":\"https:\\\/\\\/ansinox.com.br\\\/portal\\\/linha-de-valvulas-bronze\\\/#primaryimage\",\"url\":\"https:\\\/\\\/ansinox.com.br\\\/portal\\\/wp-content\\\/uploads\\\/2025\\\/11\\\/valvula-bronze.fw_.png\",\"contentUrl\":\"https:\\\/\\\/ansinox.com.br\\\/portal\\\/wp-content\\\/uploads\\\/2025\\\/11\\\/valvula-bronze.fw_.png\",\"width\":437,\"height\":392},{\"@type\":\"BreadcrumbList\",\"@id\":\"https:\\\/\\\/ansinox.com.br\\\/portal\\\/linha-de-valvulas-bronze\\\/#breadcrumb\",\"itemListElement\":[{\"@type\":\"ListItem\",\"position\":1,\"name\":\"In\u00edcio\",\"item\":\"https:\\\/\\\/ansinox.com.br\\\/portal\\\/\"},{\"@type\":\"ListItem\",\"position\":2,\"name\":\"Linha de V\u00e1lvulas Bronze\"}]},{\"@type\":\"WebSite\",\"@id\":\"https:\\\/\\\/ansinox.com.br\\\/portal\\\/#website\",\"url\":\"https:\\\/\\\/ansinox.com.br\\\/portal\\\/\",\"name\":\"Ansinox\",\"description\":\"Acess\u00f3rios Industriais - Tubos de A\u00e7o Inox e Carbono - Flanges - V\u00e1lvulas Industriais\",\"publisher\":{\"@id\":\"https:\\\/\\\/ansinox.com.br\\\/portal\\\/#organization\"},\"potentialAction\":[{\"@type\":\"SearchAction\",\"target\":{\"@type\":\"EntryPoint\",\"urlTemplate\":\"https:\\\/\\\/ansinox.com.br\\\/portal\\\/?s={search_term_string}\"},\"query-input\":{\"@type\":\"PropertyValueSpecification\",\"valueRequired\":true,\"valueName\":\"search_term_string\"}}],\"inLanguage\":\"pt-BR\"},{\"@type\":\"Organization\",\"@id\":\"https:\\\/\\\/ansinox.com.br\\\/portal\\\/#organization\",\"name\":\"Ansinox\",\"alternateName\":\"Ansinox Tubos e Conex\u00f5es\",\"url\":\"https:\\\/\\\/ansinox.com.br\\\/portal\\\/\",\"logo\":{\"@type\":\"ImageObject\",\"inLanguage\":\"pt-BR\",\"@id\":\"https:\\\/\\\/ansinox.com.br\\\/portal\\\/#\\\/schema\\\/logo\\\/image\\\/\",\"url\":\"https:\\\/\\\/ansinox.com.br\\\/portal\\\/wp-content\\\/uploads\\\/2025\\\/11\\\/logo_transp.fw_.png\",\"contentUrl\":\"https:\\\/\\\/ansinox.com.br\\\/portal\\\/wp-content\\\/uploads\\\/2025\\\/11\\\/logo_transp.fw_.png\",\"width\":211,\"height\":114,\"caption\":\"Ansinox\"},\"image\":{\"@id\":\"https:\\\/\\\/ansinox.com.br\\\/portal\\\/#\\\/schema\\\/logo\\\/image\\\/\"}}]}<\/script>\n<!-- \/ Yoast SEO Premium plugin. -->","yoast_head_json":{"title":"Linha de V\u00e1lvulas Bronze - Ansinox","description":"Linha completa de V\u00e1lvulas de Bronze, Alta resist\u00eancia \u00e0 corros\u00e3o, veda\u00e7\u00e3o eficiente e durabilidade Solicite or\u00e7amento! (11) 2724-2730","robots":{"index":"index","follow":"follow","max-snippet":"max-snippet:-1","max-image-preview":"max-image-preview:large","max-video-preview":"max-video-preview:-1"},"canonical":"https:\/\/ansinox.com.br\/portal\/linha-de-valvulas-bronze\/","og_locale":"pt_BR","og_type":"article","og_title":"Linha de V\u00e1lvulas Bronze","og_description":"Linha completa de V\u00e1lvulas de Bronze, Alta resist\u00eancia \u00e0 corros\u00e3o, veda\u00e7\u00e3o eficiente e durabilidade Solicite or\u00e7amento! (11) 2724-2730","og_url":"https:\/\/ansinox.com.br\/portal\/linha-de-valvulas-bronze\/","og_site_name":"Ansinox","article_modified_time":"2025-11-05T22:53:36+00:00","og_image":[{"url":"https:\/\/ansinox.com.br\/portal\/wp-content\/uploads\/2025\/11\/valvula-bronze.fw_-300x269.png","type":"","width":"","height":""}],"twitter_card":"summary_large_image","twitter_misc":{"Est. tempo de leitura":"2 minutos"},"schema":{"@context":"https:\/\/schema.org","@graph":[{"@type":"WebPage","@id":"https:\/\/ansinox.com.br\/portal\/linha-de-valvulas-bronze\/","url":"https:\/\/ansinox.com.br\/portal\/linha-de-valvulas-bronze\/","name":"Linha de V\u00e1lvulas Bronze - Ansinox","isPartOf":{"@id":"https:\/\/ansinox.com.br\/portal\/#website"},"primaryImageOfPage":{"@id":"https:\/\/ansinox.com.br\/portal\/linha-de-valvulas-bronze\/#primaryimage"},"image":{"@id":"https:\/\/ansinox.com.br\/portal\/linha-de-valvulas-bronze\/#primaryimage"},"thumbnailUrl":"https:\/\/ansinox.com.br\/portal\/wp-content\/uploads\/2025\/11\/valvula-bronze.fw_-300x269.png","datePublished":"2017-11-28T12:39:52+00:00","dateModified":"2025-11-05T22:53:36+00:00","description":"Linha completa de V\u00e1lvulas de Bronze, Alta resist\u00eancia \u00e0 corros\u00e3o, veda\u00e7\u00e3o eficiente e durabilidade Solicite or\u00e7amento! (11) 2724-2730","breadcrumb":{"@id":"https:\/\/ansinox.com.br\/portal\/linha-de-valvulas-bronze\/#breadcrumb"},"inLanguage":"pt-BR","potentialAction":[{"@type":"ReadAction","target":["https:\/\/ansinox.com.br\/portal\/linha-de-valvulas-bronze\/"]}]},{"@type":"ImageObject","inLanguage":"pt-BR","@id":"https:\/\/ansinox.com.br\/portal\/linha-de-valvulas-bronze\/#primaryimage","url":"https:\/\/ansinox.com.br\/portal\/wp-content\/uploads\/2025\/11\/valvula-bronze.fw_.png","contentUrl":"https:\/\/ansinox.com.br\/portal\/wp-content\/uploads\/2025\/11\/valvula-bronze.fw_.png","width":437,"height":392},{"@type":"BreadcrumbList","@id":"https:\/\/ansinox.com.br\/portal\/linha-de-valvulas-bronze\/#breadcrumb","itemListElement":[{"@type":"ListItem","position":1,"name":"In\u00edcio","item":"https:\/\/ansinox.com.br\/portal\/"},{"@type":"ListItem","position":2,"name":"Linha de V\u00e1lvulas Bronze"}]},{"@type":"WebSite","@id":"https:\/\/ansinox.com.br\/portal\/#website","url":"https:\/\/ansinox.com.br\/portal\/","name":"Ansinox","description":"Acess\u00f3rios Industriais - Tubos de A\u00e7o Inox e Carbono - Flanges - V\u00e1lvulas Industriais","publisher":{"@id":"https:\/\/ansinox.com.br\/portal\/#organization"},"potentialAction":[{"@type":"SearchAction","target":{"@type":"EntryPoint","urlTemplate":"https:\/\/ansinox.com.br\/portal\/?s={search_term_string}"},"query-input":{"@type":"PropertyValueSpecification","valueRequired":true,"valueName":"search_term_string"}}],"inLanguage":"pt-BR"},{"@type":"Organization","@id":"https:\/\/ansinox.com.br\/portal\/#organization","name":"Ansinox","alternateName":"Ansinox Tubos e Conex\u00f5es","url":"https:\/\/ansinox.com.br\/portal\/","logo":{"@type":"ImageObject","inLanguage":"pt-BR","@id":"https:\/\/ansinox.com.br\/portal\/#\/schema\/logo\/image\/","url":"https:\/\/ansinox.com.br\/portal\/wp-content\/uploads\/2025\/11\/logo_transp.fw_.png","contentUrl":"https:\/\/ansinox.com.br\/portal\/wp-content\/uploads\/2025\/11\/logo_transp.fw_.png","width":211,"height":114,"caption":"Ansinox"},"image":{"@id":"https:\/\/ansinox.com.br\/portal\/#\/schema\/logo\/image\/"}}]}},"_links":{"self":[{"href":"https:\/\/ansinox.com.br\/portal\/wp-json\/wp\/v2\/pages\/9","targetHints":{"allow":["GET"]}}],"collection":[{"href":"https:\/\/ansinox.com.br\/portal\/wp-json\/wp\/v2\/pages"}],"about":[{"href":"https:\/\/ansinox.com.br\/portal\/wp-json\/wp\/v2\/types\/page"}],"author":[{"embeddable":true,"href":"https:\/\/ansinox.com.br\/portal\/wp-json\/wp\/v2\/users\/1"}],"replies":[{"embeddable":true,"href":"https:\/\/ansinox.com.br\/portal\/wp-json\/wp\/v2\/comments?post=9"}],"version-history":[{"count":15,"href":"https:\/\/ansinox.com.br\/portal\/wp-json\/wp\/v2\/pages\/9\/revisions"}],"predecessor-version":[{"id":228,"href":"https:\/\/ansinox.com.br\/portal\/wp-json\/wp\/v2\/pages\/9\/revisions\/228"}],"wp:attachment":[{"href":"https:\/\/ansinox.com.br\/portal\/wp-json\/wp\/v2\/media?parent=9"}],"curies":[{"name":"wp","href":"https:\/\/api.w.org\/{rel}","templated":true}]}}